{"id":1602,"date":"2025-12-01T11:32:22","date_gmt":"2025-12-01T14:32:22","guid":{"rendered":"https:\/\/www.misslaura.com.br\/miss\/?page_id=1602"},"modified":"2025-12-09T09:59:20","modified_gmt":"2025-12-09T12:59:20","slug":"onde-encontrar","status":"publish","type":"page","link":"https:\/\/www.misslaura.com.br\/miss\/onde-encontrar\/","title":{"rendered":"Onde nos encontrar"},"content":{"rendered":"\t\t<div data-elementor-type=\"wp-page\" data-elementor-id=\"1602\" class=\"elementor elementor-1602\" data-elementor-post-type=\"page\">\n\t\t\t\t<div class=\"elementor-element elementor-element-f79e24d e-con-full e-flex e-con e-parent\" data-id=\"f79e24d\" data-element_type=\"container\">\n\t\t<div class=\"elementor-element elementor-element-9589163 e-con-full title-container e-flex e-con e-child\" data-id=\"9589163\" data-element_type=\"container\">\n\t\t\t\t<div class=\"elementor-element elementor-element-2bdbcec elementor-widget elementor-widget-heading\" data-id=\"2bdbcec\" data-element_type=\"widget\" data-widget_type=\"heading.default\">\n\t\t\t\t<div class=\"elementor-widget-container\">\n\t\t\t\t\t<h1 class=\"elementor-heading-title elementor-size-default\">Onde encontrar a Miss Laura<\/h1>\t\t\t\t<\/div>\n\t\t\t\t<\/div>\n\t\t\t\t<div class=\"elementor-element elementor-element-59107d0 description-container elementor-widget elementor-widget-text-editor\" data-id=\"59107d0\" data-element_type=\"widget\" data-widget_type=\"text-editor.default\">\n\t\t\t\t<div class=\"elementor-widget-container\">\n\t\t\t\t\t\t\t\t\t<h2 style=\"font-size: 16px; font-weight: 500; font-family: Montserrat;\">Descubra onde encontrar produtos Miss Laura. <\/h2>\t\t\t\t\t\t\t\t<\/div>\n\t\t\t\t<\/div>\n\t\t\t\t<\/div>\n\t\t\t\t<\/div>\n\t\t<div class=\"elementor-element elementor-element-fa1e66d e-con-full e-flex e-con e-parent\" data-id=\"fa1e66d\" data-element_type=\"container\">\n\t\t<div class=\"elementor-element elementor-element-8feaf8f e-con-full iframe-container e-flex e-con e-child\" data-id=\"8feaf8f\" data-element_type=\"container\">\n\t\t\t\t<div class=\"elementor-element elementor-element-7361e67 elementor-widget__width-inherit iframe-html-container elementor-widget elementor-widget-html\" data-id=\"7361e67\" data-element_type=\"widget\" data-widget_type=\"html.default\">\n\t\t\t\t<div class=\"elementor-widget-container\">\n\t\t\t\t\t<iframe \r\n    id=\"gofind-iframe\" \r\n    frameborder=\"0\" \r\n    src=\"https:\/\/misslaura.pertinhodemim.com\" \r\n    width=\"100%\" \r\n    style=\"min-height: 400px; border: 1px solid #F2F2F2;\" \r\n    allow=\"geolocation\">\r\n<\/iframe>\r\n\r\n<script>\r\n    document.addEventListener('DOMContentLoaded', function() {\r\n        console.log('im working!');\r\n        \r\n        const urlParams = new URLSearchParams(window.location.search);\r\n        let newIframeSrc = null;\r\n\r\n        \/\/ Tenta obter o par\u00e2metro de Busca (usando 'q', conforme seu exemplo)\r\n        const searchPath = urlParams.get('q'); \r\n\r\n        \/\/ Tenta obter o par\u00e2metro de Produto Direto\r\n        const productPath = urlParams.get('produto');\r\n\r\n        \/\/ 1. L\u00d3GICA DE BUSCA: Se o par\u00e2metro 'q' existir\r\n        if (searchPath) {\r\n            \/\/ Codifica o termo de busca para garantir que espa\u00e7os e caracteres especiais funcionem na URL.\r\n            const encodedSearchTerm = encodeURIComponent(searchPath);\r\n            \r\n            \/\/ Constr\u00f3i o URL de busca (busca?q=...)\r\n            newIframeSrc = 'https:\/\/misslaura.pertinhodemim.com\/busca?q=' + encodedSearchTerm;\r\n\r\n            console.log('Found search query (q).');\r\n\r\n        \/\/ 2. L\u00d3GICA DE PRODUTO DIRETO: Se o par\u00e2metro 'produto' existir (e 'q' n\u00e3o existir)\r\n        } else if (productPath) {\r\n            \/\/ Constr\u00f3i o URL de produto direto (produto\/...)\r\n            newIframeSrc = 'https:\/\/misslaura.pertinhodemim.com\/produto\/' + productPath;\r\n\r\n            console.log('Found direct product path (produto).');\r\n        }\r\n\r\n        \/\/ 3. EXECU\u00c7\u00c3O: Se um novo URL foi determinado, atualiza o iFrame\r\n        if (newIframeSrc) {\r\n            const iframe = document.getElementById('gofind-iframe');\r\n            if (iframe) {\r\n                \/\/ Atualiza SRC\r\n                iframe.src = newIframeSrc; \r\n                \r\n                \/\/ Atualiza DATA-SRC (essencial para contornar o Lazy Load)\r\n                if (iframe.hasAttribute('data-src')) {\r\n                    iframe.setAttribute('data-src', newIframeSrc);\r\n                }\r\n                console.log('i changed iframe src to: ' + newIframeSrc);\r\n            }\r\n        } else {\r\n            console.log('No specific parameter (q or produto) found. Loading default URL.');\r\n        }\r\n    });\r\n<\/script>\t\t\t\t<\/div>\n\t\t\t\t<\/div>\n\t\t\t\t<\/div>\n\t\t\t\t<\/div>\n\t\t\t\t<\/div>\n\t\t","protected":false},"excerpt":{"rendered":"<p>Onde encontrar a Miss Laura Descubra onde encontrar produtos Miss Laura.<\/p>\n","protected":false},"author":1,"featured_media":0,"parent":0,"menu_order":0,"comment_status":"closed","ping_status":"closed","template":"","meta":{"site-sidebar-layout":"no-sidebar","site-content-layout":"","ast-site-content-layout":"full-width-container","site-content-style":"default","site-sidebar-style":"default","ast-global-header-display":"","ast-banner-title-visibility":"","ast-main-header-display":"","ast-hfb-above-header-display":"","ast-hfb-below-header-display":"","ast-hfb-mobile-header-display":"","site-post-title":"disabled","ast-breadcrumbs-content":"","ast-featured-img":"disabled","footer-sml-layout":"","theme-transparent-header-meta":"","adv-header-id-meta":"","stick-header-meta":"","header-above-stick-meta":"","header-main-stick-meta":"","header-below-stick-meta":"","astra-migrate-meta-layouts":"default","ast-page-background-enabled":"default","ast-page-background-meta":{"desktop":{"background-color":"var(--ast-global-color-5)","background-image":"","background-repeat":"repeat","background-position":"center center","background-size":"auto","background-attachment":"scroll","background-type":"","background-media":"","overlay-type":"","overlay-color":"","overlay-opacity":"","overlay-gradient":""},"tablet":{"background-color":"","background-image":"","background-repeat":"repeat","background-position":"center center","background-size":"auto","background-attachment":"scroll","background-type":"","background-media":"","overlay-type":"","overlay-color":"","overlay-opacity":"","overlay-gradient":""},"mobile":{"background-color":"","background-image":"","background-repeat":"repeat","background-position":"center center","background-size":"auto","background-attachment":"scroll","background-type":"","background-media":"","overlay-type":"","overlay-color":"","overlay-opacity":"","overlay-gradient":""}},"ast-content-background-meta":{"desktop":{"background-color":"var(--ast-global-color-4)","background-image":"","background-repeat":"repeat","background-position":"center center","background-size":"auto","background-attachment":"scroll","background-type":"","background-media":"","overlay-type":"","overlay-color":"","overlay-opacity":"","overlay-gradient":""},"tablet":{"background-color":"var(--ast-global-color-4)","background-image":"","background-repeat":"repeat","background-position":"center center","background-size":"auto","background-attachment":"scroll","background-type":"","background-media":"","overlay-type":"","overlay-color":"","overlay-opacity":"","overlay-gradient":""},"mobile":{"background-color":"var(--ast-global-color-4)","background-image":"","background-repeat":"repeat","background-position":"center center","background-size":"auto","background-attachment":"scroll","background-type":"","background-media":"","overlay-type":"","overlay-color":"","overlay-opacity":"","overlay-gradient":""}},"iawp_total_views":713,"footnotes":""},"class_list":["post-1602","page","type-page","status-publish","hentry"],"_links":{"self":[{"href":"https:\/\/www.misslaura.com.br\/miss\/wp-json\/wp\/v2\/pages\/1602","targetHints":{"allow":["GET"]}}],"collection":[{"href":"https:\/\/www.misslaura.com.br\/miss\/wp-json\/wp\/v2\/pages"}],"about":[{"href":"https:\/\/www.misslaura.com.br\/miss\/wp-json\/wp\/v2\/types\/page"}],"author":[{"embeddable":true,"href":"https:\/\/www.misslaura.com.br\/miss\/wp-json\/wp\/v2\/users\/1"}],"replies":[{"embeddable":true,"href":"https:\/\/www.misslaura.com.br\/miss\/wp-json\/wp\/v2\/comments?post=1602"}],"version-history":[{"count":91,"href":"https:\/\/www.misslaura.com.br\/miss\/wp-json\/wp\/v2\/pages\/1602\/revisions"}],"predecessor-version":[{"id":1829,"href":"https:\/\/www.misslaura.com.br\/miss\/wp-json\/wp\/v2\/pages\/1602\/revisions\/1829"}],"wp:attachment":[{"href":"https:\/\/www.misslaura.com.br\/miss\/wp-json\/wp\/v2\/media?parent=1602"}],"curies":[{"name":"wp","href":"https:\/\/api.w.org\/{rel}","templated":true}]}}