{"id":221,"date":"2024-12-07T11:59:02","date_gmt":"2024-12-07T14:59:02","guid":{"rendered":"https:\/\/www.misslaura.com.br\/miss\/?page_id=221"},"modified":"2025-12-01T15:57:23","modified_gmt":"2025-12-01T18:57:23","slug":"parceiros","status":"publish","type":"page","link":"https:\/\/www.misslaura.com.br\/miss\/parceiros\/","title":{"rendered":"Parceiros"},"content":{"rendered":"\n<div class=\"wp-block-columns has-background is-layout-flex wp-container-core-columns-is-layout-28f84493 wp-block-columns-is-layout-flex\" style=\"background-color:#87986a\">\n<div class=\"wp-block-column is-layout-flow wp-block-column-is-layout-flow\"><\/div>\n\n\n\n<div class=\"wp-block-column is-layout-flow wp-block-column-is-layout-flow\" style=\"flex-basis:1000px\">\n<div style=\"height:30px\" aria-hidden=\"true\" class=\"wp-block-spacer\"><\/div>\n\n\n\n<h2 class=\"wp-block-heading has-text-align-center has-text-color has-link-color has-x-large-font-size wp-elements-4c6096cc2489c9c53e8ce692ece70787\" style=\"color:#e4eed2\">Parceiros<br>Miss Laura<\/h2>\n\n\n\n<div style=\"height:30px\" aria-hidden=\"true\" class=\"wp-block-spacer\"><\/div>\n<\/div>\n\n\n\n<div class=\"wp-block-column is-layout-flow wp-block-column-is-layout-flow\"><\/div>\n<\/div>\n\n\n\n<div class=\"wp-block-columns is-layout-flex wp-container-core-columns-is-layout-28f84493 wp-block-columns-is-layout-flex\">\n<div class=\"wp-block-column is-layout-flow wp-block-column-is-layout-flow\"><\/div>\n\n\n\n<div class=\"wp-block-column is-layout-flow wp-block-column-is-layout-flow\" style=\"flex-basis:1200px\">\n<p>A Miss Laura Sem Gl\u00faten tem orgulho de ter uma rede de parceiros Miss Laura Sem Gl\u00faten que compartilham nossa miss\u00e3o de levar sa\u00fade, sabor e seguran\u00e7a para todos os lares.<\/p>\n\n\n\n<p>Nossa parceria com emp\u00f3rios, mercados e lojas especializadas \u00e9 um compromisso com a qualidade, garantindo que o consumidor encontre nossos p\u00e3es, bolos e salgados congelados com a mesma seguran\u00e7a e frescor de nossa f\u00e1brica.<\/p>\n\n\n\n<p><strong>Ao comprar nestes locais, voc\u00ea tem a garantia de adquirir a linha completa de p\u00e3es, bolos, salgados e massas congeladas da Miss Laura, ideais para o seu estilo de vida.<\/strong><\/p>\n<\/div>\n\n\n\n<div class=\"wp-block-column is-layout-flow wp-block-column-is-layout-flow\"><\/div>\n<\/div>\n\n\n\n<div class=\"wp-block-columns is-layout-flex wp-container-core-columns-is-layout-28f84493 wp-block-columns-is-layout-flex\">\n<div class=\"wp-block-column is-layout-flow wp-block-column-is-layout-flow\"><\/div>\n\n\n\n<div class=\"wp-block-column is-layout-flow wp-block-column-is-layout-flow\" style=\"flex-basis:1000px\">\n<div class=\"wp-block-query is-layout-flow wp-block-query-is-layout-flow\"><ul class=\"columns-4 wp-block-post-template is-layout-grid wp-container-core-post-template-is-layout-e7fd85f5 wp-block-post-template-is-layout-grid\"><li class=\"wp-block-post post-717 post type-post status-publish format-standard has-post-thumbnail hentry category-onde-encontrar\">\n\n<div class=\"wp-block-group has-background has-small-font-size is-vertical is-content-justification-stretch is-layout-flex wp-container-core-group-is-layout-708ef7e5 wp-block-group-is-layout-flex\" style=\"background-color:#f4f4f2;padding-top:30px;padding-right:30px;padding-bottom:30px;padding-left:30px\"><figure style=\"aspect-ratio:4\/3;height:100%;\" class=\"wp-block-post-featured-image\"><img fetchpriority=\"high\" decoding=\"async\" width=\"400\" height=\"400\" src=\"https:\/\/www.misslaura.com.br\/miss\/wp-content\/uploads\/2025\/01\/divina-terra-site-miss-laura.png\" class=\"attachment-post-thumbnail size-post-thumbnail wp-post-image\" alt=\"\" style=\"width:100%;height:100%;object-fit:cover;\" srcset=\"https:\/\/www.misslaura.com.br\/miss\/wp-content\/uploads\/2025\/01\/divina-terra-site-miss-laura.png 400w, https:\/\/www.misslaura.com.br\/miss\/wp-content\/uploads\/2025\/01\/divina-terra-site-miss-laura-100x100.png 100w, https:\/\/www.misslaura.com.br\/miss\/wp-content\/uploads\/2025\/01\/divina-terra-site-miss-laura-300x300.png 300w, https:\/\/www.misslaura.com.br\/miss\/wp-content\/uploads\/2025\/01\/divina-terra-site-miss-laura-150x150.png 150w\" sizes=\"(max-width: 400px) 100vw, 400px\" \/><\/figure>\n\n<div class=\"entry-content wp-block-post-content is-layout-flow wp-block-post-content-is-layout-flow\">\n<p>Divina Terra + 70 lojas<\/p>\n<\/div><\/div>\n\n<\/li><li class=\"wp-block-post post-714 post type-post status-publish format-standard has-post-thumbnail hentry category-onde-encontrar\">\n\n<div class=\"wp-block-group has-background has-small-font-size is-vertical is-content-justification-stretch is-layout-flex wp-container-core-group-is-layout-708ef7e5 wp-block-group-is-layout-flex\" style=\"background-color:#f4f4f2;padding-top:30px;padding-right:30px;padding-bottom:30px;padding-left:30px\"><figure style=\"aspect-ratio:4\/3;height:100%;\" class=\"wp-block-post-featured-image\"><img decoding=\"async\" width=\"400\" height=\"400\" src=\"https:\/\/www.misslaura.com.br\/miss\/wp-content\/uploads\/2025\/01\/cia-da-saude-produtos-naturais.png\" class=\"attachment-post-thumbnail size-post-thumbnail wp-post-image\" alt=\"\" style=\"width:100%;height:100%;object-fit:cover;\" srcset=\"https:\/\/www.misslaura.com.br\/miss\/wp-content\/uploads\/2025\/01\/cia-da-saude-produtos-naturais.png 400w, https:\/\/www.misslaura.com.br\/miss\/wp-content\/uploads\/2025\/01\/cia-da-saude-produtos-naturais-100x100.png 100w, https:\/\/www.misslaura.com.br\/miss\/wp-content\/uploads\/2025\/01\/cia-da-saude-produtos-naturais-300x300.png 300w, https:\/\/www.misslaura.com.br\/miss\/wp-content\/uploads\/2025\/01\/cia-da-saude-produtos-naturais-150x150.png 150w\" sizes=\"(max-width: 400px) 100vw, 400px\" \/><\/figure>\n\n<div class=\"entry-content wp-block-post-content is-layout-flow wp-block-post-content-is-layout-flow\">\n<p>Cia da Sa\u00fade + 140 lojas <\/p>\n<\/div><\/div>\n\n<\/li><li class=\"wp-block-post post-697 post type-post status-publish format-standard has-post-thumbnail hentry category-onde-encontrar\">\n\n<div class=\"wp-block-group has-background has-small-font-size is-vertical is-content-justification-stretch is-layout-flex wp-container-core-group-is-layout-708ef7e5 wp-block-group-is-layout-flex\" style=\"background-color:#f4f4f2;padding-top:30px;padding-right:30px;padding-bottom:30px;padding-left:30px\"><figure style=\"aspect-ratio:4\/3;height:100%;\" class=\"wp-block-post-featured-image\"><img decoding=\"async\" width=\"400\" height=\"400\" src=\"https:\/\/www.misslaura.com.br\/miss\/wp-content\/uploads\/2025\/01\/super-dia-site.png\" class=\"attachment-post-thumbnail size-post-thumbnail wp-post-image\" alt=\"\" style=\"width:100%;height:100%;object-fit:cover;\" srcset=\"https:\/\/www.misslaura.com.br\/miss\/wp-content\/uploads\/2025\/01\/super-dia-site.png 400w, https:\/\/www.misslaura.com.br\/miss\/wp-content\/uploads\/2025\/01\/super-dia-site-100x100.png 100w, https:\/\/www.misslaura.com.br\/miss\/wp-content\/uploads\/2025\/01\/super-dia-site-300x300.png 300w, https:\/\/www.misslaura.com.br\/miss\/wp-content\/uploads\/2025\/01\/super-dia-site-150x150.png 150w\" sizes=\"(max-width: 400px) 100vw, 400px\" \/><\/figure>\n\n<div class=\"entry-content wp-block-post-content is-layout-flow wp-block-post-content-is-layout-flow\">\n<p>Supermercado SuperDia <\/p>\n<\/div><\/div>\n\n<\/li><li class=\"wp-block-post post-689 post type-post status-publish format-standard has-post-thumbnail hentry category-onde-encontrar\">\n\n<div class=\"wp-block-group has-background has-small-font-size is-vertical is-content-justification-stretch is-layout-flex wp-container-core-group-is-layout-708ef7e5 wp-block-group-is-layout-flex\" style=\"background-color:#f4f4f2;padding-top:30px;padding-right:30px;padding-bottom:30px;padding-left:30px\"><figure style=\"aspect-ratio:4\/3;height:100%;\" class=\"wp-block-post-featured-image\"><img loading=\"lazy\" decoding=\"async\" width=\"400\" height=\"400\" src=\"https:\/\/www.misslaura.com.br\/miss\/wp-content\/uploads\/2025\/01\/festval-miss-laura.png\" class=\"attachment-post-thumbnail size-post-thumbnail wp-post-image\" alt=\"\" style=\"width:100%;height:100%;object-fit:cover;\" srcset=\"https:\/\/www.misslaura.com.br\/miss\/wp-content\/uploads\/2025\/01\/festval-miss-laura.png 400w, https:\/\/www.misslaura.com.br\/miss\/wp-content\/uploads\/2025\/01\/festval-miss-laura-100x100.png 100w, https:\/\/www.misslaura.com.br\/miss\/wp-content\/uploads\/2025\/01\/festval-miss-laura-300x300.png 300w, https:\/\/www.misslaura.com.br\/miss\/wp-content\/uploads\/2025\/01\/festval-miss-laura-150x150.png 150w\" sizes=\"(max-width: 400px) 100vw, 400px\" \/><\/figure>\n\n<div class=\"entry-content wp-block-post-content is-layout-flow wp-block-post-content-is-layout-flow\">\n<p>Festval &#8211; O super especial <\/p>\n<\/div><\/div>\n\n<\/li><li class=\"wp-block-post post-635 post type-post status-publish format-standard has-post-thumbnail hentry category-onde-encontrar\">\n\n<div class=\"wp-block-group has-background has-small-font-size is-vertical is-content-justification-stretch is-layout-flex wp-container-core-group-is-layout-708ef7e5 wp-block-group-is-layout-flex\" style=\"background-color:#f4f4f2;padding-top:30px;padding-right:30px;padding-bottom:30px;padding-left:30px\"><figure style=\"aspect-ratio:4\/3;height:100%;\" class=\"wp-block-post-featured-image\"><img loading=\"lazy\" decoding=\"async\" width=\"400\" height=\"400\" src=\"https:\/\/www.misslaura.com.br\/miss\/wp-content\/uploads\/2025\/01\/Casa-santa-luzia.png\" class=\"attachment-post-thumbnail size-post-thumbnail wp-post-image\" alt=\"\" style=\"width:100%;height:100%;object-fit:cover;\" srcset=\"https:\/\/www.misslaura.com.br\/miss\/wp-content\/uploads\/2025\/01\/Casa-santa-luzia.png 400w, https:\/\/www.misslaura.com.br\/miss\/wp-content\/uploads\/2025\/01\/Casa-santa-luzia-100x100.png 100w, https:\/\/www.misslaura.com.br\/miss\/wp-content\/uploads\/2025\/01\/Casa-santa-luzia-300x300.png 300w, https:\/\/www.misslaura.com.br\/miss\/wp-content\/uploads\/2025\/01\/Casa-santa-luzia-150x150.png 150w\" sizes=\"(max-width: 400px) 100vw, 400px\" \/><\/figure>\n\n<div class=\"entry-content wp-block-post-content is-layout-flow wp-block-post-content-is-layout-flow\">\n<p>Casa Santa Luzia <\/p>\n<\/div><\/div>\n\n<\/li><li class=\"wp-block-post post-632 post type-post status-publish format-standard has-post-thumbnail hentry category-onde-encontrar\">\n\n<div class=\"wp-block-group has-background has-small-font-size is-vertical is-content-justification-stretch is-layout-flex wp-container-core-group-is-layout-708ef7e5 wp-block-group-is-layout-flex\" style=\"background-color:#f4f4f2;padding-top:30px;padding-right:30px;padding-bottom:30px;padding-left:30px\"><figure style=\"aspect-ratio:4\/3;height:100%;\" class=\"wp-block-post-featured-image\"><img loading=\"lazy\" decoding=\"async\" width=\"400\" height=\"400\" src=\"https:\/\/www.misslaura.com.br\/miss\/wp-content\/uploads\/2025\/01\/mundo-verde-miss-laur-a.png\" class=\"attachment-post-thumbnail size-post-thumbnail wp-post-image\" alt=\"\" style=\"width:100%;height:100%;object-fit:cover;\" srcset=\"https:\/\/www.misslaura.com.br\/miss\/wp-content\/uploads\/2025\/01\/mundo-verde-miss-laur-a.png 400w, https:\/\/www.misslaura.com.br\/miss\/wp-content\/uploads\/2025\/01\/mundo-verde-miss-laur-a-100x100.png 100w, https:\/\/www.misslaura.com.br\/miss\/wp-content\/uploads\/2025\/01\/mundo-verde-miss-laur-a-300x300.png 300w, https:\/\/www.misslaura.com.br\/miss\/wp-content\/uploads\/2025\/01\/mundo-verde-miss-laur-a-150x150.png 150w\" sizes=\"(max-width: 400px) 100vw, 400px\" \/><\/figure>\n\n<div class=\"entry-content wp-block-post-content is-layout-flow wp-block-post-content-is-layout-flow\">\n<p>+ 400 lojas<\/p>\n<\/div><\/div>\n\n<\/li><li class=\"wp-block-post post-629 post type-post status-publish format-standard has-post-thumbnail hentry category-onde-encontrar\">\n\n<div class=\"wp-block-group has-background has-small-font-size is-vertical is-content-justification-stretch is-layout-flex wp-container-core-group-is-layout-708ef7e5 wp-block-group-is-layout-flex\" style=\"background-color:#f4f4f2;padding-top:30px;padding-right:30px;padding-bottom:30px;padding-left:30px\"><figure style=\"aspect-ratio:4\/3;height:100%;\" class=\"wp-block-post-featured-image\"><img loading=\"lazy\" decoding=\"async\" width=\"400\" height=\"400\" src=\"https:\/\/www.misslaura.com.br\/miss\/wp-content\/uploads\/2025\/01\/carrefour-voce-pode-encontrar-miss-laura.png\" class=\"attachment-post-thumbnail size-post-thumbnail wp-post-image\" alt=\"\" style=\"width:100%;height:100%;object-fit:cover;\" srcset=\"https:\/\/www.misslaura.com.br\/miss\/wp-content\/uploads\/2025\/01\/carrefour-voce-pode-encontrar-miss-laura.png 400w, https:\/\/www.misslaura.com.br\/miss\/wp-content\/uploads\/2025\/01\/carrefour-voce-pode-encontrar-miss-laura-100x100.png 100w, https:\/\/www.misslaura.com.br\/miss\/wp-content\/uploads\/2025\/01\/carrefour-voce-pode-encontrar-miss-laura-300x300.png 300w, https:\/\/www.misslaura.com.br\/miss\/wp-content\/uploads\/2025\/01\/carrefour-voce-pode-encontrar-miss-laura-150x150.png 150w\" sizes=\"(max-width: 400px) 100vw, 400px\" \/><\/figure>\n\n<div class=\"entry-content wp-block-post-content is-layout-flow wp-block-post-content-is-layout-flow\">\n<p>+ 500 lojas<\/p>\n<\/div><\/div>\n\n<\/li><li class=\"wp-block-post post-619 post type-post status-publish format-standard has-post-thumbnail hentry category-onde-encontrar\">\n\n<div class=\"wp-block-group has-background has-small-font-size is-vertical is-content-justification-stretch is-layout-flex wp-container-core-group-is-layout-708ef7e5 wp-block-group-is-layout-flex\" style=\"background-color:#f4f4f2;padding-top:30px;padding-right:30px;padding-bottom:30px;padding-left:30px\"><figure style=\"aspect-ratio:4\/3;height:100%;\" class=\"wp-block-post-featured-image\"><img loading=\"lazy\" decoding=\"async\" width=\"400\" height=\"400\" src=\"https:\/\/www.misslaura.com.br\/miss\/wp-content\/uploads\/2025\/01\/Voce-encontra-miss-laura-na-pro-saude.png\" class=\"attachment-post-thumbnail size-post-thumbnail wp-post-image\" alt=\"\" style=\"width:100%;height:100%;object-fit:cover;\" srcset=\"https:\/\/www.misslaura.com.br\/miss\/wp-content\/uploads\/2025\/01\/Voce-encontra-miss-laura-na-pro-saude.png 400w, https:\/\/www.misslaura.com.br\/miss\/wp-content\/uploads\/2025\/01\/Voce-encontra-miss-laura-na-pro-saude-100x100.png 100w, https:\/\/www.misslaura.com.br\/miss\/wp-content\/uploads\/2025\/01\/Voce-encontra-miss-laura-na-pro-saude-300x300.png 300w, https:\/\/www.misslaura.com.br\/miss\/wp-content\/uploads\/2025\/01\/Voce-encontra-miss-laura-na-pro-saude-150x150.png 150w\" sizes=\"(max-width: 400px) 100vw, 400px\" \/><\/figure>\n\n<div class=\"entry-content wp-block-post-content is-layout-flow wp-block-post-content-is-layout-flow\">\n<p>+ 100 lojas<\/p>\n<\/div><\/div>\n\n<\/li><li class=\"wp-block-post post-613 post type-post status-publish format-standard has-post-thumbnail hentry category-onde-encontrar\">\n\n<div class=\"wp-block-group has-background has-small-font-size is-vertical is-content-justification-stretch is-layout-flex wp-container-core-group-is-layout-708ef7e5 wp-block-group-is-layout-flex\" style=\"background-color:#f4f4f2;padding-top:30px;padding-right:30px;padding-bottom:30px;padding-left:30px\"><figure style=\"aspect-ratio:4\/3;height:100%;\" class=\"wp-block-post-featured-image\"><img loading=\"lazy\" decoding=\"async\" width=\"400\" height=\"400\" src=\"https:\/\/www.misslaura.com.br\/miss\/wp-content\/uploads\/2025\/01\/hippo-supermercado-voce-acha-miss-laura.png\" class=\"attachment-post-thumbnail size-post-thumbnail wp-post-image\" alt=\"\" style=\"width:100%;height:100%;object-fit:cover;\" srcset=\"https:\/\/www.misslaura.com.br\/miss\/wp-content\/uploads\/2025\/01\/hippo-supermercado-voce-acha-miss-laura.png 400w, https:\/\/www.misslaura.com.br\/miss\/wp-content\/uploads\/2025\/01\/hippo-supermercado-voce-acha-miss-laura-100x100.png 100w, https:\/\/www.misslaura.com.br\/miss\/wp-content\/uploads\/2025\/01\/hippo-supermercado-voce-acha-miss-laura-300x300.png 300w, https:\/\/www.misslaura.com.br\/miss\/wp-content\/uploads\/2025\/01\/hippo-supermercado-voce-acha-miss-laura-150x150.png 150w\" sizes=\"(max-width: 400px) 100vw, 400px\" \/><\/figure>\n\n<div class=\"entry-content wp-block-post-content is-layout-flow wp-block-post-content-is-layout-flow\">\n<p>Florian\u00f3polis &#8211; SC<\/p>\n<\/div><\/div>\n\n<\/li><li class=\"wp-block-post post-606 post type-post status-publish format-standard has-post-thumbnail hentry category-onde-encontrar\">\n\n<div class=\"wp-block-group has-background has-small-font-size is-vertical is-content-justification-stretch is-layout-flex wp-container-core-group-is-layout-708ef7e5 wp-block-group-is-layout-flex\" style=\"background-color:#f4f4f2;padding-top:30px;padding-right:30px;padding-bottom:30px;padding-left:30px\"><figure style=\"aspect-ratio:4\/3;height:100%;\" class=\"wp-block-post-featured-image\"><img loading=\"lazy\" decoding=\"async\" width=\"400\" height=\"400\" src=\"https:\/\/www.misslaura.com.br\/miss\/wp-content\/uploads\/2025\/01\/Logo-onde-encontrar-miss-laura-3.png\" class=\"attachment-post-thumbnail size-post-thumbnail wp-post-image\" alt=\"\" style=\"width:100%;height:100%;object-fit:cover;\" srcset=\"https:\/\/www.misslaura.com.br\/miss\/wp-content\/uploads\/2025\/01\/Logo-onde-encontrar-miss-laura-3.png 400w, https:\/\/www.misslaura.com.br\/miss\/wp-content\/uploads\/2025\/01\/Logo-onde-encontrar-miss-laura-3-100x100.png 100w, https:\/\/www.misslaura.com.br\/miss\/wp-content\/uploads\/2025\/01\/Logo-onde-encontrar-miss-laura-3-300x300.png 300w, https:\/\/www.misslaura.com.br\/miss\/wp-content\/uploads\/2025\/01\/Logo-onde-encontrar-miss-laura-3-150x150.png 150w\" sizes=\"(max-width: 400px) 100vw, 400px\" \/><\/figure>\n\n<div class=\"entry-content wp-block-post-content is-layout-flow wp-block-post-content-is-layout-flow\">\n<p>Piracicaba &#8211; SP<\/p>\n\n\n\n<p><\/p>\n<\/div><\/div>\n\n<\/li><li class=\"wp-block-post post-297 post type-post status-publish format-standard has-post-thumbnail hentry category-onde-encontrar\">\n\n<div class=\"wp-block-group has-background has-small-font-size is-vertical is-content-justification-stretch is-layout-flex wp-container-core-group-is-layout-708ef7e5 wp-block-group-is-layout-flex\" style=\"background-color:#f4f4f2;padding-top:30px;padding-right:30px;padding-bottom:30px;padding-left:30px\"><figure style=\"aspect-ratio:4\/3;height:100%;\" class=\"wp-block-post-featured-image\"><img loading=\"lazy\" decoding=\"async\" width=\"400\" height=\"400\" src=\"https:\/\/www.misslaura.com.br\/miss\/wp-content\/uploads\/2024\/12\/super-muffato-miss-laura.png\" class=\"attachment-post-thumbnail size-post-thumbnail wp-post-image\" alt=\"\" style=\"width:100%;height:100%;object-fit:cover;\" srcset=\"https:\/\/www.misslaura.com.br\/miss\/wp-content\/uploads\/2024\/12\/super-muffato-miss-laura.png 400w, https:\/\/www.misslaura.com.br\/miss\/wp-content\/uploads\/2024\/12\/super-muffato-miss-laura-100x100.png 100w, https:\/\/www.misslaura.com.br\/miss\/wp-content\/uploads\/2024\/12\/super-muffato-miss-laura-300x300.png 300w, https:\/\/www.misslaura.com.br\/miss\/wp-content\/uploads\/2024\/12\/super-muffato-miss-laura-150x150.png 150w\" sizes=\"(max-width: 400px) 100vw, 400px\" \/><\/figure>\n\n<div class=\"entry-content wp-block-post-content is-layout-flow wp-block-post-content-is-layout-flow\">\n<p>+ 100 lojas<\/p>\n<\/div><\/div>\n\n<\/li><li class=\"wp-block-post post-280 post type-post status-publish format-standard has-post-thumbnail hentry category-onde-encontrar\">\n\n<div class=\"wp-block-group has-background has-small-font-size is-vertical is-content-justification-stretch is-layout-flex wp-container-core-group-is-layout-708ef7e5 wp-block-group-is-layout-flex\" style=\"background-color:#f4f4f2;padding-top:30px;padding-right:30px;padding-bottom:30px;padding-left:30px\"><figure style=\"aspect-ratio:4\/3;height:100%;\" class=\"wp-block-post-featured-image\"><img loading=\"lazy\" decoding=\"async\" width=\"400\" height=\"400\" src=\"https:\/\/www.misslaura.com.br\/miss\/wp-content\/uploads\/2024\/12\/italo-supermercado-miss-laura.png\" class=\"attachment-post-thumbnail size-post-thumbnail wp-post-image\" alt=\"\" style=\"width:100%;height:100%;object-fit:cover;\" srcset=\"https:\/\/www.misslaura.com.br\/miss\/wp-content\/uploads\/2024\/12\/italo-supermercado-miss-laura.png 400w, https:\/\/www.misslaura.com.br\/miss\/wp-content\/uploads\/2024\/12\/italo-supermercado-miss-laura-100x100.png 100w, https:\/\/www.misslaura.com.br\/miss\/wp-content\/uploads\/2024\/12\/italo-supermercado-miss-laura-300x300.png 300w, https:\/\/www.misslaura.com.br\/miss\/wp-content\/uploads\/2024\/12\/italo-supermercado-miss-laura-150x150.png 150w\" sizes=\"(max-width: 400px) 100vw, 400px\" \/><\/figure>\n\n<div class=\"entry-content wp-block-post-content is-layout-flow wp-block-post-content-is-layout-flow\">\n<p>\u00cdtalo Supermercados<\/p>\n\n\n\n<p><\/p>\n<\/div><\/div>\n\n<\/li><\/ul><\/div>\n<\/div>\n\n\n\n<div class=\"wp-block-column is-layout-flow wp-block-column-is-layout-flow\"><\/div>\n<\/div>\n\n\n\n<div style=\"height:50px\" aria-hidden=\"true\" class=\"wp-block-spacer\"><\/div>\n\n\n\n<div class=\"wp-block-columns alignfull are-vertically-aligned-center has-background is-layout-flex wp-container-core-columns-is-layout-28f84493 wp-block-columns-is-layout-flex\" style=\"background-color:#ffc0c2\">\n<div class=\"wp-block-column is-vertically-aligned-center is-layout-flow wp-block-column-is-layout-flow\" style=\"flex-basis:1400px\">\n<div class=\"wp-block-columns are-vertically-aligned-center is-layout-flex wp-container-core-columns-is-layout-28f84493 wp-block-columns-is-layout-flex\">\n<div class=\"wp-block-column is-vertically-aligned-center is-layout-flow wp-block-column-is-layout-flow\">\n<h3 class=\"wp-block-heading has-ast-global-color-6-color has-text-color has-link-color has-large-font-size wp-elements-49c248a443580a2289b11d3269668c06\">Quero Levar a Miss Laura para a Minha Loja<\/h3>\n<\/div>\n\n\n\n<div class=\"wp-block-column is-vertically-aligned-center is-layout-flow wp-container-core-column-is-layout-b2a27621 wp-block-column-is-layout-flow\" style=\"padding-top:0;padding-right:0;padding-bottom:0;padding-left:0;flex-basis:40%\">\n<div class=\"wp-block-buttons is-vertical is-content-justification-center is-layout-flex wp-container-core-buttons-is-layout-65530129 wp-block-buttons-is-layout-flex\" style=\"margin-top:0;margin-bottom:0;padding-top:0;padding-right:0;padding-bottom:0;padding-left:0\">\n<div class=\"wp-block-button\"><a class=\"wp-block-button__link has-ast-global-color-6-color has-ast-global-color-4-background-color has-text-color has-background has-link-color has-custom-font-size wp-element-button\" href=\"https:\/\/wa.me\/554599240075?text=Ol%C3%A1!%20Vi%20no%20site%20de%20voc%C3%AAs%20e%20tenho%20interesse%20em%20comprar%20produtos%20Miss%20Laura%20para%20o%20meu%20estabelecimento.%20Poderia%20me%20passar%20mais%20informa%C3%A7%C3%B5es%3F\" style=\"font-size:18px\" target=\"_blank\" rel=\"noopener\"><strong>Seja nosso distribuidor<\/strong><\/a><\/div>\n<\/div>\n<\/div>\n<\/div>\n<\/div>\n<\/div>\n\n\n\n<p><\/p>\n","protected":false},"excerpt":{"rendered":"<p>ParceirosMiss Laura A Miss Laura Sem Gl\u00faten tem orgulho de ter uma rede de parceiros Miss Laura Sem Gl\u00faten que [&hellip;]<\/p>\n","protected":false},"author":1,"featured_media":0,"parent":0,"menu_order":0,"comment_status":"closed","ping_status":"closed","template":"","meta":{"site-sidebar-layout":"default","site-content-layout":"","ast-site-content-layout":"","site-content-style":"default","site-sidebar-style":"default","ast-global-header-display":"","ast-banner-title-visibility":"","ast-main-header-display":"","ast-hfb-above-header-display":"","ast-hfb-below-header-display":"","ast-hfb-mobile-header-display":"","site-post-title":"","ast-breadcrumbs-content":"","ast-featured-img":"","footer-sml-layout":"","theme-transparent-header-meta":"","adv-header-id-meta":"","stick-header-meta":"","header-above-stick-meta":"","header-main-stick-meta":"","header-below-stick-meta":"","astra-migrate-meta-layouts":"default","ast-page-background-enabled":"default","ast-page-background-meta":{"desktop":{"background-color":"var(--ast-global-color-5)","background-image":"","background-repeat":"repeat","background-position":"center center","background-size":"auto","background-attachment":"scroll","background-type":"","background-media":"","overlay-type":"","overlay-color":"","overlay-opacity":"","overlay-gradient":""},"tablet":{"background-color":"","background-image":"","background-repeat":"repeat","background-position":"center center","background-size":"auto","background-attachment":"scroll","background-type":"","background-media":"","overlay-type":"","overlay-color":"","overlay-opacity":"","overlay-gradient":""},"mobile":{"background-color":"","background-image":"","background-repeat":"repeat","background-position":"center center","background-size":"auto","background-attachment":"scroll","background-type":"","background-media":"","overlay-type":"","overlay-color":"","overlay-opacity":"","overlay-gradient":""}},"ast-content-background-meta":{"desktop":{"background-color":"var(--ast-global-color-4)","background-image":"","background-repeat":"repeat","background-position":"center center","background-size":"auto","background-attachment":"scroll","background-type":"","background-media":"","overlay-type":"","overlay-color":"","overlay-opacity":"","overlay-gradient":""},"tablet":{"background-color":"var(--ast-global-color-4)","background-image":"","background-repeat":"repeat","background-position":"center center","background-size":"auto","background-attachment":"scroll","background-type":"","background-media":"","overlay-type":"","overlay-color":"","overlay-opacity":"","overlay-gradient":""},"mobile":{"background-color":"var(--ast-global-color-4)","background-image":"","background-repeat":"repeat","background-position":"center center","background-size":"auto","background-attachment":"scroll","background-type":"","background-media":"","overlay-type":"","overlay-color":"","overlay-opacity":"","overlay-gradient":""}},"iawp_total_views":130,"footnotes":""},"class_list":["post-221","page","type-page","status-publish","hentry"],"_links":{"self":[{"href":"https:\/\/www.misslaura.com.br\/miss\/wp-json\/wp\/v2\/pages\/221","targetHints":{"allow":["GET"]}}],"collection":[{"href":"https:\/\/www.misslaura.com.br\/miss\/wp-json\/wp\/v2\/pages"}],"about":[{"href":"https:\/\/www.misslaura.com.br\/miss\/wp-json\/wp\/v2\/types\/page"}],"author":[{"embeddable":true,"href":"https:\/\/www.misslaura.com.br\/miss\/wp-json\/wp\/v2\/users\/1"}],"replies":[{"embeddable":true,"href":"https:\/\/www.misslaura.com.br\/miss\/wp-json\/wp\/v2\/comments?post=221"}],"version-history":[{"count":36,"href":"https:\/\/www.misslaura.com.br\/miss\/wp-json\/wp\/v2\/pages\/221\/revisions"}],"predecessor-version":[{"id":1719,"href":"https:\/\/www.misslaura.com.br\/miss\/wp-json\/wp\/v2\/pages\/221\/revisions\/1719"}],"wp:attachment":[{"href":"https:\/\/www.misslaura.com.br\/miss\/wp-json\/wp\/v2\/media?parent=221"}],"curies":[{"name":"wp","href":"https:\/\/api.w.org\/{rel}","templated":true}]}}