{"id":480,"date":"2024-12-19T10:16:24","date_gmt":"2024-12-19T13:16:24","guid":{"rendered":"https:\/\/www.misslaura.com.br\/miss\/?post_type=product&#038;p=480"},"modified":"2025-12-10T08:55:06","modified_gmt":"2025-12-10T11:55:06","slug":"pao-sem-queijo-miss-laura-300g","status":"publish","type":"product","link":"https:\/\/www.misslaura.com.br\/miss\/produto\/pao-sem-queijo-miss-laura-300g\/","title":{"rendered":"P\u00e3o sem queijo Miss Laura 300g"},"content":{"rendered":"<p>O p\u00e3o sem queijo vegano sem gl\u00faten Miss Laura \u00e9 a alternativa perfeita para quem ama p\u00e3o de queijo, mas n\u00e3o pode ou n\u00e3o quer consumir l\u00e1cteos. Nossa receita \u00e9 totalmente Vegana e Livre de Leite.<\/p>\n<p data-path-to-node=\"10,3\">O sabor e a textura v\u00eam da batata salsa <i>in natura<\/i> (tamb\u00e9m conhecida como mandioquinha), que confere uma consist\u00eancia suave e um sabor levemente adocicado e delicioso, perfeito para qualquer hora do seu dia.<\/p>\n<p data-path-to-node=\"10,4\">Por ser totalmente livre de gl\u00faten e de leite, \u00e9 100% seguro para cel\u00edacos e al\u00e9rgicos \u00e0 prote\u00edna do leite de vaca (APLV).<\/p>\n<ul data-path-to-node=\"10,5\">\n<li>\n<p data-path-to-node=\"10,5,0,0\">Peso: 300g (12 unidades de 25g)<\/p>\n<\/li>\n<li>\n<p data-path-to-node=\"10,5,1,0\">Validade: 180 dias congelado a \u2013 18\u00b0C.<\/p>\n<\/li>\n<\/ul>\n","protected":false},"excerpt":{"rendered":"<p>100% Vegano, Livre de Gl\u00faten, Livre de Leite, Feito com Batata Salsa.<\/p>\n","protected":false},"featured_media":485,"template":"","meta":{"site-sidebar-layout":"default","site-content-layout":"","ast-site-content-layout":"default","site-content-style":"default","site-sidebar-style":"default","ast-global-header-display":"","ast-banner-title-visibility":"","ast-main-header-display":"","ast-hfb-above-header-display":"","ast-hfb-below-header-display":"","ast-hfb-mobile-header-display":"","site-post-title":"","ast-breadcrumbs-content":"","ast-featured-img":"","footer-sml-layout":"","theme-transparent-header-meta":"default","adv-header-id-meta":"","stick-header-meta":"","header-above-stick-meta":"","header-main-stick-meta":"","header-below-stick-meta":"","astra-migrate-meta-layouts":"set","ast-page-background-enabled":"default","ast-page-background-meta":{"desktop":{"background-color":"var(--ast-global-color-5)","background-image":"","background-repeat":"repeat","background-position":"center center","background-size":"auto","background-attachment":"scroll","background-type":"","background-media":"","overlay-type":"","overlay-color":"","overlay-opacity":"","overlay-gradient":""},"tablet":{"background-color":"","background-image":"","background-repeat":"repeat","background-position":"center center","background-size":"auto","background-attachment":"scroll","background-type":"","background-media":"","overlay-type":"","overlay-color":"","overlay-opacity":"","overlay-gradient":""},"mobile":{"background-color":"","background-image":"","background-repeat":"repeat","background-position":"center center","background-size":"auto","background-attachment":"scroll","background-type":"","background-media":"","overlay-type":"","overlay-color":"","overlay-opacity":"","overlay-gradient":""}},"ast-content-background-meta":{"desktop":{"background-color":"var(--ast-global-color-4)","background-image":"","background-repeat":"repeat","background-position":"center center","background-size":"auto","background-attachment":"scroll","background-type":"","background-media":"","overlay-type":"","overlay-color":"","overlay-opacity":"","overlay-gradient":""},"tablet":{"background-color":"var(--ast-global-color-4)","background-image":"","background-repeat":"repeat","background-position":"center center","background-size":"auto","background-attachment":"scroll","background-type":"","background-media":"","overlay-type":"","overlay-color":"","overlay-opacity":"","overlay-gradient":""},"mobile":{"background-color":"var(--ast-global-color-4)","background-image":"","background-repeat":"repeat","background-position":"center center","background-size":"auto","background-attachment":"scroll","background-type":"","background-media":"","overlay-type":"","overlay-color":"","overlay-opacity":"","overlay-gradient":""}},"iawp_total_views":130},"product_brand":[],"product_cat":[19],"product_tag":[26],"class_list":{"0":"post-480","1":"product","2":"type-product","3":"status-publish","4":"has-post-thumbnail","6":"product_cat-salgados","7":"product_tag-vegano","8":"desktop-align-left","9":"tablet-align-left","10":"mobile-align-left","12":"first","13":"instock","14":"shipping-taxable","15":"product-type-simple"},"_links":{"self":[{"href":"https:\/\/www.misslaura.com.br\/miss\/wp-json\/wp\/v2\/product\/480","targetHints":{"allow":["GET"]}}],"collection":[{"href":"https:\/\/www.misslaura.com.br\/miss\/wp-json\/wp\/v2\/product"}],"about":[{"href":"https:\/\/www.misslaura.com.br\/miss\/wp-json\/wp\/v2\/types\/product"}],"wp:featuredmedia":[{"embeddable":true,"href":"https:\/\/www.misslaura.com.br\/miss\/wp-json\/wp\/v2\/media\/485"}],"wp:attachment":[{"href":"https:\/\/www.misslaura.com.br\/miss\/wp-json\/wp\/v2\/media?parent=480"}],"wp:term":[{"taxonomy":"product_brand","embeddable":true,"href":"https:\/\/www.misslaura.com.br\/miss\/wp-json\/wp\/v2\/product_brand?post=480"},{"taxonomy":"product_cat","embeddable":true,"href":"https:\/\/www.misslaura.com.br\/miss\/wp-json\/wp\/v2\/product_cat?post=480"},{"taxonomy":"product_tag","embeddable":true,"href":"https:\/\/www.misslaura.com.br\/miss\/wp-json\/wp\/v2\/product_tag?post=480"}],"curies":[{"name":"wp","href":"https:\/\/api.w.org\/{rel}","templated":true}]}}