{"id":496,"date":"2024-12-19T11:06:23","date_gmt":"2024-12-19T14:06:23","guid":{"rendered":"https:\/\/www.misslaura.com.br\/miss\/?post_type=product&#038;p=496"},"modified":"2025-12-10T08:47:37","modified_gmt":"2025-12-10T11:47:37","slug":"coxinha-de-legumes-miss-laura-300g","status":"publish","type":"product","link":"https:\/\/www.misslaura.com.br\/miss\/produto\/coxinha-de-legumes-miss-laura-300g\/","title":{"rendered":"Coxinha de legumes Miss Laura 300g"},"content":{"rendered":"<p data-path-to-node=\"10,1\">A coxinha de legumes vegana sem gl\u00faten Miss Laura \u00e9 a op\u00e7\u00e3o saud\u00e1vel e saborosa para o seu lanche. A massa \u00e9 feita \u00e0 base de inhame e flocos de batata, garantindo uma textura macia e deliciosa.<\/p>\n<p data-path-to-node=\"10,3\">O recheio \u00e9 uma combina\u00e7\u00e3o nutritiva de legumes (cenoura, br\u00f3colis, couve-flor, vagem e palmito), com a cremosidade garantida pelo requeij\u00e3o de inhame. Este salgado \u00e9 totalmente 100% Vegano, Livre de Gl\u00faten e de Leite.<\/p>\n<p data-path-to-node=\"10,4\">Ideal para cel\u00edacos, al\u00e9rgicos a l\u00e1cteos e para quem segue uma dieta vegetal.<\/p>\n<ul data-path-to-node=\"10,5\">\n<li>\n<p data-path-to-node=\"10,5,0,0\">Peso: 300g (6 unidades)<\/p>\n<\/li>\n<li>\n<p data-path-to-node=\"10,5,1,0\">Validade: 180 dias congelado a \u2013 18\u00b0C.<\/p>\n<\/li>\n<\/ul>\n","protected":false},"excerpt":{"rendered":"<p>100% Vegana, Livre de Gl\u00faten, Livre de Leite, Massa de Inhame.<\/p>\n","protected":false},"featured_media":502,"template":"","meta":{"site-sidebar-layout":"default","site-content-layout":"","ast-site-content-layout":"default","site-content-style":"default","site-sidebar-style":"default","ast-global-header-display":"","ast-banner-title-visibility":"","ast-main-header-display":"","ast-hfb-above-header-display":"","ast-hfb-below-header-display":"","ast-hfb-mobile-header-display":"","site-post-title":"","ast-breadcrumbs-content":"","ast-featured-img":"","footer-sml-layout":"","theme-transparent-header-meta":"default","adv-header-id-meta":"","stick-header-meta":"","header-above-stick-meta":"","header-main-stick-meta":"","header-below-stick-meta":"","astra-migrate-meta-layouts":"set","ast-page-background-enabled":"default","ast-page-background-meta":{"desktop":{"background-color":"var(--ast-global-color-5)","background-image":"","background-repeat":"repeat","background-position":"center center","background-size":"auto","background-attachment":"scroll","background-type":"","background-media":"","overlay-type":"","overlay-color":"","overlay-opacity":"","overlay-gradient":""},"tablet":{"background-color":"","background-image":"","background-repeat":"repeat","background-position":"center center","background-size":"auto","background-attachment":"scroll","background-type":"","background-media":"","overlay-type":"","overlay-color":"","overlay-opacity":"","overlay-gradient":""},"mobile":{"background-color":"","background-image":"","background-repeat":"repeat","background-position":"center center","background-size":"auto","background-attachment":"scroll","background-type":"","background-media":"","overlay-type":"","overlay-color":"","overlay-opacity":"","overlay-gradient":""}},"ast-content-background-meta":{"desktop":{"background-color":"var(--ast-global-color-4)","background-image":"","background-repeat":"repeat","background-position":"center center","background-size":"auto","background-attachment":"scroll","background-type":"","background-media":"","overlay-type":"","overlay-color":"","overlay-opacity":"","overlay-gradient":""},"tablet":{"background-color":"var(--ast-global-color-4)","background-image":"","background-repeat":"repeat","background-position":"center center","background-size":"auto","background-attachment":"scroll","background-type":"","background-media":"","overlay-type":"","overlay-color":"","overlay-opacity":"","overlay-gradient":""},"mobile":{"background-color":"var(--ast-global-color-4)","background-image":"","background-repeat":"repeat","background-position":"center center","background-size":"auto","background-attachment":"scroll","background-type":"","background-media":"","overlay-type":"","overlay-color":"","overlay-opacity":"","overlay-gradient":""}},"iawp_total_views":43},"product_brand":[],"product_cat":[19],"product_tag":[26],"class_list":{"0":"post-496","1":"product","2":"type-product","3":"status-publish","4":"has-post-thumbnail","6":"product_cat-salgados","7":"product_tag-vegano","8":"desktop-align-left","9":"tablet-align-left","10":"mobile-align-left","12":"first","13":"instock","14":"shipping-taxable","15":"product-type-simple"},"_links":{"self":[{"href":"https:\/\/www.misslaura.com.br\/miss\/wp-json\/wp\/v2\/product\/496","targetHints":{"allow":["GET"]}}],"collection":[{"href":"https:\/\/www.misslaura.com.br\/miss\/wp-json\/wp\/v2\/product"}],"about":[{"href":"https:\/\/www.misslaura.com.br\/miss\/wp-json\/wp\/v2\/types\/product"}],"wp:featuredmedia":[{"embeddable":true,"href":"https:\/\/www.misslaura.com.br\/miss\/wp-json\/wp\/v2\/media\/502"}],"wp:attachment":[{"href":"https:\/\/www.misslaura.com.br\/miss\/wp-json\/wp\/v2\/media?parent=496"}],"wp:term":[{"taxonomy":"product_brand","embeddable":true,"href":"https:\/\/www.misslaura.com.br\/miss\/wp-json\/wp\/v2\/product_brand?post=496"},{"taxonomy":"product_cat","embeddable":true,"href":"https:\/\/www.misslaura.com.br\/miss\/wp-json\/wp\/v2\/product_cat?post=496"},{"taxonomy":"product_tag","embeddable":true,"href":"https:\/\/www.misslaura.com.br\/miss\/wp-json\/wp\/v2\/product_tag?post=496"}],"curies":[{"name":"wp","href":"https:\/\/api.w.org\/{rel}","templated":true}]}}