{"id":503,"date":"2024-12-19T11:23:16","date_gmt":"2024-12-19T14:23:16","guid":{"rendered":"https:\/\/www.misslaura.com.br\/miss\/?post_type=product&#038;p=503"},"modified":"2025-12-10T08:51:25","modified_gmt":"2025-12-10T11:51:25","slug":"coxinha-maromba-miss-laura-300g","status":"publish","type":"product","link":"https:\/\/www.misslaura.com.br\/miss\/produto\/coxinha-maromba-miss-laura-300g\/","title":{"rendered":"Coxinha maromba Miss Laura 300g"},"content":{"rendered":"<p data-path-to-node=\"10,1\">A coxinha maromba de batata doce sem gl\u00faten Miss Laura \u00e9 a op\u00e7\u00e3o que faltava na sua dieta. Com a massa feita \u00e0 base de batata doce, oferece um carboidrato de baixo \u00edndice glic\u00eamico e energia duradoura, ideal para o seu pr\u00e9 ou p\u00f3s-treino.<\/p>\n<p data-path-to-node=\"10,3\">O recheio \u00e9 de fil\u00e9 de frango desfiado, temperado e com um toque cremoso. Garantimos que esta coxinha \u00e9 totalmente livre de gl\u00faten e de leite, sendo segura para cel\u00edacos e al\u00e9rgicos a l\u00e1cteos.<\/p>\n<p data-path-to-node=\"10,4\">\u00c9 uma alternativa proteica, saud\u00e1vel e muito mais nutritiva que os salgados comuns.<\/p>\n<ul data-path-to-node=\"10,5\">\n<li>\n<p data-path-to-node=\"10,5,0,0\">Peso: 300g (6 unidades)<\/p>\n<\/li>\n<li>\n<p data-path-to-node=\"10,5,1,0\">Validade: 180 dias congelado a \u2013 18\u00b0C.<\/p>\n<\/li>\n<\/ul>\n","protected":false},"excerpt":{"rendered":"<p>Livre de Gl\u00faten, Livre de Leite, Massa de Batata Doce, Op\u00e7\u00e3o Maromba.<\/p>\n","protected":false},"featured_media":505,"template":"","meta":{"site-sidebar-layout":"default","site-content-layout":"","ast-site-content-layout":"default","site-content-style":"default","site-sidebar-style":"default","ast-global-header-display":"","ast-banner-title-visibility":"","ast-main-header-display":"","ast-hfb-above-header-display":"","ast-hfb-below-header-display":"","ast-hfb-mobile-header-display":"","site-post-title":"","ast-breadcrumbs-content":"","ast-featured-img":"","footer-sml-layout":"","theme-transparent-header-meta":"default","adv-header-id-meta":"","stick-header-meta":"","header-above-stick-meta":"","header-main-stick-meta":"","header-below-stick-meta":"","astra-migrate-meta-layouts":"set","ast-page-background-enabled":"default","ast-page-background-meta":{"desktop":{"background-color":"var(--ast-global-color-5)","background-image":"","background-repeat":"repeat","background-position":"center center","background-size":"auto","background-attachment":"scroll","background-type":"","background-media":"","overlay-type":"","overlay-color":"","overlay-opacity":"","overlay-gradient":""},"tablet":{"background-color":"","background-image":"","background-repeat":"repeat","background-position":"center center","background-size":"auto","background-attachment":"scroll","background-type":"","background-media":"","overlay-type":"","overlay-color":"","overlay-opacity":"","overlay-gradient":""},"mobile":{"background-color":"","background-image":"","background-repeat":"repeat","background-position":"center center","background-size":"auto","background-attachment":"scroll","background-type":"","background-media":"","overlay-type":"","overlay-color":"","overlay-opacity":"","overlay-gradient":""}},"ast-content-background-meta":{"desktop":{"background-color":"var(--ast-global-color-4)","background-image":"","background-repeat":"repeat","background-position":"center center","background-size":"auto","background-attachment":"scroll","background-type":"","background-media":"","overlay-type":"","overlay-color":"","overlay-opacity":"","overlay-gradient":""},"tablet":{"background-color":"var(--ast-global-color-4)","background-image":"","background-repeat":"repeat","background-position":"center center","background-size":"auto","background-attachment":"scroll","background-type":"","background-media":"","overlay-type":"","overlay-color":"","overlay-opacity":"","overlay-gradient":""},"mobile":{"background-color":"var(--ast-global-color-4)","background-image":"","background-repeat":"repeat","background-position":"center center","background-size":"auto","background-attachment":"scroll","background-type":"","background-media":"","overlay-type":"","overlay-color":"","overlay-opacity":"","overlay-gradient":""}},"iawp_total_views":80},"product_brand":[],"product_cat":[19],"product_tag":[],"class_list":{"0":"post-503","1":"product","2":"type-product","3":"status-publish","4":"has-post-thumbnail","6":"product_cat-salgados","7":"desktop-align-left","8":"tablet-align-left","9":"mobile-align-left","11":"first","12":"instock","13":"shipping-taxable","14":"product-type-simple"},"_links":{"self":[{"href":"https:\/\/www.misslaura.com.br\/miss\/wp-json\/wp\/v2\/product\/503","targetHints":{"allow":["GET"]}}],"collection":[{"href":"https:\/\/www.misslaura.com.br\/miss\/wp-json\/wp\/v2\/product"}],"about":[{"href":"https:\/\/www.misslaura.com.br\/miss\/wp-json\/wp\/v2\/types\/product"}],"wp:featuredmedia":[{"embeddable":true,"href":"https:\/\/www.misslaura.com.br\/miss\/wp-json\/wp\/v2\/media\/505"}],"wp:attachment":[{"href":"https:\/\/www.misslaura.com.br\/miss\/wp-json\/wp\/v2\/media?parent=503"}],"wp:term":[{"taxonomy":"product_brand","embeddable":true,"href":"https:\/\/www.misslaura.com.br\/miss\/wp-json\/wp\/v2\/product_brand?post=503"},{"taxonomy":"product_cat","embeddable":true,"href":"https:\/\/www.misslaura.com.br\/miss\/wp-json\/wp\/v2\/product_cat?post=503"},{"taxonomy":"product_tag","embeddable":true,"href":"https:\/\/www.misslaura.com.br\/miss\/wp-json\/wp\/v2\/product_tag?post=503"}],"curies":[{"name":"wp","href":"https:\/\/api.w.org\/{rel}","templated":true}]}}