{"id":509,"date":"2024-12-19T11:44:46","date_gmt":"2024-12-19T14:44:46","guid":{"rendered":"https:\/\/www.misslaura.com.br\/miss\/?post_type=product&#038;p=509"},"modified":"2025-12-10T08:32:10","modified_gmt":"2025-12-10T11:32:10","slug":"pastel-assado-de-carne-240g","status":"publish","type":"product","link":"https:\/\/www.misslaura.com.br\/miss\/produto\/pastel-assado-de-carne-240g\/","title":{"rendered":"Pastel assado de carne Miss Laura 240g"},"content":{"rendered":"<p data-path-to-node=\"10,1\">O pastel de carne sem gl\u00faten Miss Laura \u00e9 a vers\u00e3o saud\u00e1vel do cl\u00e1ssico que voc\u00ea ama. Feito com uma massa macia de farinha de arroz, nosso pastel \u00e9 assado, garantindo leveza e menos gordura.<\/p>\n<p data-path-to-node=\"10,3\">O recheio \u00e9 preparado com carne bovina mo\u00edda e azeitonas, com um toque cremoso de requeij\u00e3o de inhame. Isso garante o sabor tradicional e a textura irresist\u00edvel, mas \u00e9 totalmente livre de gl\u00faten e de leite.<\/p>\n<p data-path-to-node=\"10,4\">Produzido sob rigoroso controle para evitar contamina\u00e7\u00e3o cruzada, \u00e9 um produto seguro e pr\u00e1tico, ideal para cel\u00edacos e al\u00e9rgicos a l\u00e1cteos.<\/p>\n<ul data-path-to-node=\"10,5\">\n<li>\n<p data-path-to-node=\"10,5,0,0\">Peso: 240g (3 unidades)<\/p>\n<\/li>\n<li>\n<p data-path-to-node=\"10,5,1,0\">Validade: 180 dias congelado a \u2013 18\u00b0C.<\/p>\n<\/li>\n<\/ul>\n","protected":false},"excerpt":{"rendered":"<p>Livre de Gl\u00faten, Livre de Leite, Assado e com Requeij\u00e3o de Inhame.<\/p>\n","protected":false},"featured_media":510,"template":"","meta":{"site-sidebar-layout":"default","site-content-layout":"","ast-site-content-layout":"default","site-content-style":"default","site-sidebar-style":"default","ast-global-header-display":"","ast-banner-title-visibility":"","ast-main-header-display":"","ast-hfb-above-header-display":"","ast-hfb-below-header-display":"","ast-hfb-mobile-header-display":"","site-post-title":"","ast-breadcrumbs-content":"","ast-featured-img":"","footer-sml-layout":"","theme-transparent-header-meta":"default","adv-header-id-meta":"","stick-header-meta":"","header-above-stick-meta":"","header-main-stick-meta":"","header-below-stick-meta":"","astra-migrate-meta-layouts":"set","ast-page-background-enabled":"default","ast-page-background-meta":{"desktop":{"background-color":"var(--ast-global-color-5)","background-image":"","background-repeat":"repeat","background-position":"center center","background-size":"auto","background-attachment":"scroll","background-type":"","background-media":"","overlay-type":"","overlay-color":"","overlay-opacity":"","overlay-gradient":""},"tablet":{"background-color":"","background-image":"","background-repeat":"repeat","background-position":"center center","background-size":"auto","background-attachment":"scroll","background-type":"","background-media":"","overlay-type":"","overlay-color":"","overlay-opacity":"","overlay-gradient":""},"mobile":{"background-color":"","background-image":"","background-repeat":"repeat","background-position":"center center","background-size":"auto","background-attachment":"scroll","background-type":"","background-media":"","overlay-type":"","overlay-color":"","overlay-opacity":"","overlay-gradient":""}},"ast-content-background-meta":{"desktop":{"background-color":"var(--ast-global-color-4)","background-image":"","background-repeat":"repeat","background-position":"center center","background-size":"auto","background-attachment":"scroll","background-type":"","background-media":"","overlay-type":"","overlay-color":"","overlay-opacity":"","overlay-gradient":""},"tablet":{"background-color":"var(--ast-global-color-4)","background-image":"","background-repeat":"repeat","background-position":"center center","background-size":"auto","background-attachment":"scroll","background-type":"","background-media":"","overlay-type":"","overlay-color":"","overlay-opacity":"","overlay-gradient":""},"mobile":{"background-color":"var(--ast-global-color-4)","background-image":"","background-repeat":"repeat","background-position":"center center","background-size":"auto","background-attachment":"scroll","background-type":"","background-media":"","overlay-type":"","overlay-color":"","overlay-opacity":"","overlay-gradient":""}},"iawp_total_views":54},"product_brand":[],"product_cat":[19],"product_tag":[],"class_list":{"0":"post-509","1":"product","2":"type-product","3":"status-publish","4":"has-post-thumbnail","6":"product_cat-salgados","7":"desktop-align-left","8":"tablet-align-left","9":"mobile-align-left","11":"first","12":"instock","13":"shipping-taxable","14":"product-type-simple"},"_links":{"self":[{"href":"https:\/\/www.misslaura.com.br\/miss\/wp-json\/wp\/v2\/product\/509","targetHints":{"allow":["GET"]}}],"collection":[{"href":"https:\/\/www.misslaura.com.br\/miss\/wp-json\/wp\/v2\/product"}],"about":[{"href":"https:\/\/www.misslaura.com.br\/miss\/wp-json\/wp\/v2\/types\/product"}],"wp:featuredmedia":[{"embeddable":true,"href":"https:\/\/www.misslaura.com.br\/miss\/wp-json\/wp\/v2\/media\/510"}],"wp:attachment":[{"href":"https:\/\/www.misslaura.com.br\/miss\/wp-json\/wp\/v2\/media?parent=509"}],"wp:term":[{"taxonomy":"product_brand","embeddable":true,"href":"https:\/\/www.misslaura.com.br\/miss\/wp-json\/wp\/v2\/product_brand?post=509"},{"taxonomy":"product_cat","embeddable":true,"href":"https:\/\/www.misslaura.com.br\/miss\/wp-json\/wp\/v2\/product_cat?post=509"},{"taxonomy":"product_tag","embeddable":true,"href":"https:\/\/www.misslaura.com.br\/miss\/wp-json\/wp\/v2\/product_tag?post=509"}],"curies":[{"name":"wp","href":"https:\/\/api.w.org\/{rel}","templated":true}]}}