{"id":532,"date":"2024-12-19T14:45:07","date_gmt":"2024-12-19T17:45:07","guid":{"rendered":"https:\/\/www.misslaura.com.br\/miss\/?post_type=product&#038;p=532"},"modified":"2025-12-09T11:20:30","modified_gmt":"2025-12-09T14:20:30","slug":"quibe-de-lentilha-miss-laura-300g","status":"publish","type":"product","link":"https:\/\/www.misslaura.com.br\/miss\/produto\/quibe-de-lentilha-miss-laura-300g\/","title":{"rendered":"Quibe de lentilha Miss Laura 300g"},"content":{"rendered":"<p>O quibe de lentilha vegano sem gl\u00faten da Miss Laura \u00e9 uma alternativa deliciosa e nutritiva aos salgados tradicionais. Feito com lentilha como base proteica e temperado com uma rica combina\u00e7\u00e3o de ervas, p\u00e1prica e um toque defumado especial, ele \u00e9 perfeito para um lanche ou refei\u00e7\u00e3o r\u00e1pida.<\/p>\n<p data-path-to-node=\"10,3\">Por ser totalmente Vegano e Livre de Gl\u00faten, este quibe \u00e9 uma excelente fonte de prote\u00edna vegetal e totalmente seguro para cel\u00edacos e al\u00e9rgicos a l\u00e1cteos. Sua produ\u00e7\u00e3o segue rigoroso controle para evitar contamina\u00e7\u00e3o cruzada.<\/p>\n<ul data-path-to-node=\"10,4\">\n<li>\n<p data-path-to-node=\"10,4,0,0\">Peso: 300g (6 unidades)<\/p>\n<\/li>\n<li>\n<p data-path-to-node=\"10,4,1,0\">Validade: 180 dias congelado a \u2013 18\u00b0C<\/p>\n<\/li>\n<\/ul>\n","protected":false},"excerpt":{"rendered":"<p>100% Vegano, Livre de Gl\u00faten, Livre de Leite, Com Lentilha e Sabor Defumado.<\/p>\n","protected":false},"featured_media":533,"template":"","meta":{"site-sidebar-layout":"default","site-content-layout":"","ast-site-content-layout":"default","site-content-style":"default","site-sidebar-style":"default","ast-global-header-display":"","ast-banner-title-visibility":"","ast-main-header-display":"","ast-hfb-above-header-display":"","ast-hfb-below-header-display":"","ast-hfb-mobile-header-display":"","site-post-title":"","ast-breadcrumbs-content":"","ast-featured-img":"","footer-sml-layout":"","theme-transparent-header-meta":"default","adv-header-id-meta":"","stick-header-meta":"","header-above-stick-meta":"","header-main-stick-meta":"","header-below-stick-meta":"","astra-migrate-meta-layouts":"set","ast-page-background-enabled":"default","ast-page-background-meta":{"desktop":{"background-color":"var(--ast-global-color-5)","background-image":"","background-repeat":"repeat","background-position":"center center","background-size":"auto","background-attachment":"scroll","background-type":"","background-media":"","overlay-type":"","overlay-color":"","overlay-opacity":"","overlay-gradient":""},"tablet":{"background-color":"","background-image":"","background-repeat":"repeat","background-position":"center center","background-size":"auto","background-attachment":"scroll","background-type":"","background-media":"","overlay-type":"","overlay-color":"","overlay-opacity":"","overlay-gradient":""},"mobile":{"background-color":"","background-image":"","background-repeat":"repeat","background-position":"center center","background-size":"auto","background-attachment":"scroll","background-type":"","background-media":"","overlay-type":"","overlay-color":"","overlay-opacity":"","overlay-gradient":""}},"ast-content-background-meta":{"desktop":{"background-color":"var(--ast-global-color-4)","background-image":"","background-repeat":"repeat","background-position":"center center","background-size":"auto","background-attachment":"scroll","background-type":"","background-media":"","overlay-type":"","overlay-color":"","overlay-opacity":"","overlay-gradient":""},"tablet":{"background-color":"var(--ast-global-color-4)","background-image":"","background-repeat":"repeat","background-position":"center center","background-size":"auto","background-attachment":"scroll","background-type":"","background-media":"","overlay-type":"","overlay-color":"","overlay-opacity":"","overlay-gradient":""},"mobile":{"background-color":"var(--ast-global-color-4)","background-image":"","background-repeat":"repeat","background-position":"center center","background-size":"auto","background-attachment":"scroll","background-type":"","background-media":"","overlay-type":"","overlay-color":"","overlay-opacity":"","overlay-gradient":""}},"iawp_total_views":56},"product_brand":[],"product_cat":[19],"product_tag":[26],"class_list":{"0":"post-532","1":"product","2":"type-product","3":"status-publish","4":"has-post-thumbnail","6":"product_cat-salgados","7":"product_tag-vegano","8":"desktop-align-left","9":"tablet-align-left","10":"mobile-align-left","12":"first","13":"instock","14":"shipping-taxable","15":"product-type-simple"},"_links":{"self":[{"href":"https:\/\/www.misslaura.com.br\/miss\/wp-json\/wp\/v2\/product\/532","targetHints":{"allow":["GET"]}}],"collection":[{"href":"https:\/\/www.misslaura.com.br\/miss\/wp-json\/wp\/v2\/product"}],"about":[{"href":"https:\/\/www.misslaura.com.br\/miss\/wp-json\/wp\/v2\/types\/product"}],"wp:featuredmedia":[{"embeddable":true,"href":"https:\/\/www.misslaura.com.br\/miss\/wp-json\/wp\/v2\/media\/533"}],"wp:attachment":[{"href":"https:\/\/www.misslaura.com.br\/miss\/wp-json\/wp\/v2\/media?parent=532"}],"wp:term":[{"taxonomy":"product_brand","embeddable":true,"href":"https:\/\/www.misslaura.com.br\/miss\/wp-json\/wp\/v2\/product_brand?post=532"},{"taxonomy":"product_cat","embeddable":true,"href":"https:\/\/www.misslaura.com.br\/miss\/wp-json\/wp\/v2\/product_cat?post=532"},{"taxonomy":"product_tag","embeddable":true,"href":"https:\/\/www.misslaura.com.br\/miss\/wp-json\/wp\/v2\/product_tag?post=532"}],"curies":[{"name":"wp","href":"https:\/\/api.w.org\/{rel}","templated":true}]}}