{"id":537,"date":"2024-12-19T15:46:59","date_gmt":"2024-12-19T18:46:59","guid":{"rendered":"https:\/\/www.misslaura.com.br\/miss\/?post_type=product&#038;p=537"},"modified":"2025-12-09T11:10:46","modified_gmt":"2025-12-09T14:10:46","slug":"nhoque-de-batata-doce-miss-laura-250g","status":"publish","type":"product","link":"https:\/\/www.misslaura.com.br\/miss\/produto\/nhoque-de-batata-doce-miss-laura-250g\/","title":{"rendered":"Nhoque de batata doce Miss Laura 250g"},"content":{"rendered":"<p data-path-to-node=\"10,1\">O nhoque de batata doce sem gl\u00faten Miss Laura \u00e9 a combina\u00e7\u00e3o perfeita entre sa\u00fade e prazer. Nossa massa \u00e9 feita com batata-doce <i>in natura<\/i>, garantindo uma textura macia e um sabor suave que harmoniza com qualquer molho.<\/p>\n<p data-path-to-node=\"10,3\">Por ser 100% Vegano, este nhoque \u00e9 totalmente livre de gl\u00faten e de leite, sendo ideal para quem tem restri\u00e7\u00f5es ou para quem segue um estilo de vida vegetal. Produzido sob rigoroso controle para evitar contamina\u00e7\u00e3o cruzada, \u00e9 um produto seguro e pr\u00e1tico.<\/p>\n<p data-path-to-node=\"10,4\">Desfrute deste nhoque com molho pomodoro, pesto ou o de sua prefer\u00eancia.<\/p>\n<p data-path-to-node=\"10,5,0,0\"><b>Peso:<\/b> 250g<\/p>\n<p><b>Validade:<\/b> 180 dias congelado a \u2013 18\u00b0C<\/p>\n","protected":false},"excerpt":{"rendered":"<p>100% Vegano, Livre de Gl\u00faten, Livre de Leite, Feito com Batata Doce In Natura.<\/p>\n","protected":false},"featured_media":538,"template":"","meta":{"site-sidebar-layout":"default","site-content-layout":"","ast-site-content-layout":"default","site-content-style":"default","site-sidebar-style":"default","ast-global-header-display":"","ast-banner-title-visibility":"","ast-main-header-display":"","ast-hfb-above-header-display":"","ast-hfb-below-header-display":"","ast-hfb-mobile-header-display":"","site-post-title":"","ast-breadcrumbs-content":"","ast-featured-img":"","footer-sml-layout":"","theme-transparent-header-meta":"default","adv-header-id-meta":"","stick-header-meta":"","header-above-stick-meta":"","header-main-stick-meta":"","header-below-stick-meta":"","astra-migrate-meta-layouts":"set","ast-page-background-enabled":"default","ast-page-background-meta":{"desktop":{"background-color":"var(--ast-global-color-5)","background-image":"","background-repeat":"repeat","background-position":"center center","background-size":"auto","background-attachment":"scroll","background-type":"","background-media":"","overlay-type":"","overlay-color":"","overlay-opacity":"","overlay-gradient":""},"tablet":{"background-color":"","background-image":"","background-repeat":"repeat","background-position":"center center","background-size":"auto","background-attachment":"scroll","background-type":"","background-media":"","overlay-type":"","overlay-color":"","overlay-opacity":"","overlay-gradient":""},"mobile":{"background-color":"","background-image":"","background-repeat":"repeat","background-position":"center center","background-size":"auto","background-attachment":"scroll","background-type":"","background-media":"","overlay-type":"","overlay-color":"","overlay-opacity":"","overlay-gradient":""}},"ast-content-background-meta":{"desktop":{"background-color":"var(--ast-global-color-4)","background-image":"","background-repeat":"repeat","background-position":"center center","background-size":"auto","background-attachment":"scroll","background-type":"","background-media":"","overlay-type":"","overlay-color":"","overlay-opacity":"","overlay-gradient":""},"tablet":{"background-color":"var(--ast-global-color-4)","background-image":"","background-repeat":"repeat","background-position":"center center","background-size":"auto","background-attachment":"scroll","background-type":"","background-media":"","overlay-type":"","overlay-color":"","overlay-opacity":"","overlay-gradient":""},"mobile":{"background-color":"var(--ast-global-color-4)","background-image":"","background-repeat":"repeat","background-position":"center center","background-size":"auto","background-attachment":"scroll","background-type":"","background-media":"","overlay-type":"","overlay-color":"","overlay-opacity":"","overlay-gradient":""}},"iawp_total_views":33},"product_brand":[],"product_cat":[18],"product_tag":[26],"class_list":{"0":"post-537","1":"product","2":"type-product","3":"status-publish","4":"has-post-thumbnail","6":"product_cat-massas","7":"product_tag-vegano","8":"desktop-align-left","9":"tablet-align-left","10":"mobile-align-left","12":"first","13":"instock","14":"shipping-taxable","15":"product-type-simple"},"_links":{"self":[{"href":"https:\/\/www.misslaura.com.br\/miss\/wp-json\/wp\/v2\/product\/537","targetHints":{"allow":["GET"]}}],"collection":[{"href":"https:\/\/www.misslaura.com.br\/miss\/wp-json\/wp\/v2\/product"}],"about":[{"href":"https:\/\/www.misslaura.com.br\/miss\/wp-json\/wp\/v2\/types\/product"}],"wp:featuredmedia":[{"embeddable":true,"href":"https:\/\/www.misslaura.com.br\/miss\/wp-json\/wp\/v2\/media\/538"}],"wp:attachment":[{"href":"https:\/\/www.misslaura.com.br\/miss\/wp-json\/wp\/v2\/media?parent=537"}],"wp:term":[{"taxonomy":"product_brand","embeddable":true,"href":"https:\/\/www.misslaura.com.br\/miss\/wp-json\/wp\/v2\/product_brand?post=537"},{"taxonomy":"product_cat","embeddable":true,"href":"https:\/\/www.misslaura.com.br\/miss\/wp-json\/wp\/v2\/product_cat?post=537"},{"taxonomy":"product_tag","embeddable":true,"href":"https:\/\/www.misslaura.com.br\/miss\/wp-json\/wp\/v2\/product_tag?post=537"}],"curies":[{"name":"wp","href":"https:\/\/api.w.org\/{rel}","templated":true}]}}