{"id":557,"date":"2025-01-10T15:57:41","date_gmt":"2025-01-10T18:57:41","guid":{"rendered":"https:\/\/www.misslaura.com.br\/miss\/?post_type=product&#038;p=557"},"modified":"2025-12-09T10:58:33","modified_gmt":"2025-12-09T13:58:33","slug":"bolo-de-banana-miss-laura-280g","status":"publish","type":"product","link":"https:\/\/www.misslaura.com.br\/miss\/produto\/bolo-de-banana-miss-laura-280g\/","title":{"rendered":"Bolo de banana Miss Laura 280g"},"content":{"rendered":"<p>O bolo de banana sem gl\u00faten Miss Laura \u00e9 feito com a fruta <i>in natura<\/i> e temperado com especiarias (canela, cravo e noz moscada). Ele combina o sabor caseiro com a maciez ideal, sendo uma op\u00e7\u00e3o de alta qualidade para o seu lanche.<\/p>\n<p data-path-to-node=\"10,3\">Por ser totalmente livre de gl\u00faten e de leite, nosso bolo \u00e9 ideal para cel\u00edacos e para quem possui restri\u00e7\u00f5es alimentares a l\u00e1cteos. Produzido sob rigoroso controle para evitar contamina\u00e7\u00e3o cruzada, \u00e9 um produto seguro e pr\u00e1tico.<\/p>\n<p data-path-to-node=\"10,4\">Em apenas alguns minutos no micro-ondas, voc\u00ea ter\u00e1 um bolinho quente e saboroso, saud\u00e1vel para o seu caf\u00e9 da manh\u00e3 ou da tarde.<\/p>\n","protected":false},"excerpt":{"rendered":"<p>Livre de Gl\u00faten, Livre de Leite, Com Banana In Natura e Especiarias.<\/p>\n","protected":false},"featured_media":559,"template":"","meta":{"site-sidebar-layout":"default","site-content-layout":"","ast-site-content-layout":"default","site-content-style":"default","site-sidebar-style":"default","ast-global-header-display":"","ast-banner-title-visibility":"","ast-main-header-display":"","ast-hfb-above-header-display":"","ast-hfb-below-header-display":"","ast-hfb-mobile-header-display":"","site-post-title":"","ast-breadcrumbs-content":"","ast-featured-img":"","footer-sml-layout":"","theme-transparent-header-meta":"default","adv-header-id-meta":"","stick-header-meta":"","header-above-stick-meta":"","header-main-stick-meta":"","header-below-stick-meta":"","astra-migrate-meta-layouts":"set","ast-page-background-enabled":"default","ast-page-background-meta":{"desktop":{"background-color":"var(--ast-global-color-5)","background-image":"","background-repeat":"repeat","background-position":"center center","background-size":"auto","background-attachment":"scroll","background-type":"","background-media":"","overlay-type":"","overlay-color":"","overlay-opacity":"","overlay-gradient":""},"tablet":{"background-color":"","background-image":"","background-repeat":"repeat","background-position":"center center","background-size":"auto","background-attachment":"scroll","background-type":"","background-media":"","overlay-type":"","overlay-color":"","overlay-opacity":"","overlay-gradient":""},"mobile":{"background-color":"","background-image":"","background-repeat":"repeat","background-position":"center center","background-size":"auto","background-attachment":"scroll","background-type":"","background-media":"","overlay-type":"","overlay-color":"","overlay-opacity":"","overlay-gradient":""}},"ast-content-background-meta":{"desktop":{"background-color":"var(--ast-global-color-4)","background-image":"","background-repeat":"repeat","background-position":"center center","background-size":"auto","background-attachment":"scroll","background-type":"","background-media":"","overlay-type":"","overlay-color":"","overlay-opacity":"","overlay-gradient":""},"tablet":{"background-color":"var(--ast-global-color-4)","background-image":"","background-repeat":"repeat","background-position":"center center","background-size":"auto","background-attachment":"scroll","background-type":"","background-media":"","overlay-type":"","overlay-color":"","overlay-opacity":"","overlay-gradient":""},"mobile":{"background-color":"var(--ast-global-color-4)","background-image":"","background-repeat":"repeat","background-position":"center center","background-size":"auto","background-attachment":"scroll","background-type":"","background-media":"","overlay-type":"","overlay-color":"","overlay-opacity":"","overlay-gradient":""}},"iawp_total_views":30},"product_brand":[],"product_cat":[16],"product_tag":[],"class_list":{"0":"post-557","1":"product","2":"type-product","3":"status-publish","4":"has-post-thumbnail","6":"product_cat-bolos","7":"desktop-align-left","8":"tablet-align-left","9":"mobile-align-left","11":"first","12":"instock","13":"shipping-taxable","14":"product-type-simple"},"_links":{"self":[{"href":"https:\/\/www.misslaura.com.br\/miss\/wp-json\/wp\/v2\/product\/557","targetHints":{"allow":["GET"]}}],"collection":[{"href":"https:\/\/www.misslaura.com.br\/miss\/wp-json\/wp\/v2\/product"}],"about":[{"href":"https:\/\/www.misslaura.com.br\/miss\/wp-json\/wp\/v2\/types\/product"}],"wp:featuredmedia":[{"embeddable":true,"href":"https:\/\/www.misslaura.com.br\/miss\/wp-json\/wp\/v2\/media\/559"}],"wp:attachment":[{"href":"https:\/\/www.misslaura.com.br\/miss\/wp-json\/wp\/v2\/media?parent=557"}],"wp:term":[{"taxonomy":"product_brand","embeddable":true,"href":"https:\/\/www.misslaura.com.br\/miss\/wp-json\/wp\/v2\/product_brand?post=557"},{"taxonomy":"product_cat","embeddable":true,"href":"https:\/\/www.misslaura.com.br\/miss\/wp-json\/wp\/v2\/product_cat?post=557"},{"taxonomy":"product_tag","embeddable":true,"href":"https:\/\/www.misslaura.com.br\/miss\/wp-json\/wp\/v2\/product_tag?post=557"}],"curies":[{"name":"wp","href":"https:\/\/api.w.org\/{rel}","templated":true}]}}